{"id":88,"date":"2015-12-05T16:13:15","date_gmt":"2015-12-05T16:13:15","guid":{"rendered":"http:\/\/fkf.fi\/?page_id=88"},"modified":"2024-01-19T10:50:11","modified_gmt":"2024-01-19T08:50:11","slug":"kontakt","status":"publish","type":"page","link":"https:\/\/fkf.fi\/index.php\/kontakt\/","title":{"rendered":"Kontakt"},"content":{"rendered":"<p><img loading=\"lazy\" decoding=\"async\" class=\"alignleft wp-image-234\" src=\"https:\/\/fkf.fi\/wp-content\/uploads\/2015\/12\/kontakt.jpg\" alt=\"kontakt\" width=\"1883\" height=\"588\" \/><\/p>\n<p><b>Fria kristliga folkh\u00f6gskolan<br \/><\/b><span style=\"font-family: verdana; font-size: 17px;\">\u00d6stra Kaserntorget 1, PB 46<br \/><\/span><span style=\"font-family: verdana; font-size: 17px;\">65100 VASA,<br \/><\/span><span style=\"font-family: verdana; font-size: 17px;\">FINLAND<\/span><\/p>\n<p>V\u00e4xel: 06 319 1500<br \/>Mobil: 050 377 5859<\/p>\n<p>Email: info [at] fkf.fi eller kansli [at] fkf.fi<\/p>\n<p>Rektor: Thomas Nordstr\u00f6m<\/p>\n<p>Internatsf\u00f6rest\u00e5ndare: Tomas Swanljung<\/p>\n<p>E-post: f\u00f6rnamn.efternamn[at]fkf.fi<\/p>\n<p><strong>Karta \u00f6ver omr\u00e5det:<\/strong><\/p>\n<p><a href=\"https:\/\/fkf.fi\/wp-content\/uploads\/2015\/12\/Sk\u00e4rmavbild-2015-12-05-kl.-18.08.19.png\"><img loading=\"lazy\" decoding=\"async\" class=\"alignleft wp-image-89\" src=\"https:\/\/fkf.fi\/wp-content\/uploads\/2015\/12\/Sk\u00e4rmavbild-2015-12-05-kl.-18.08.19.png\" width=\"400\" height=\"313\" \/><\/a><\/p>\n\n\n<div style=\"height:20px\" aria-hidden=\"true\" class=\"wp-block-spacer\"><\/div>\n\n\n\n<div class=\"h5ab-print-button-container\"><div class=\"h5ab-print-button h5ab-print-button-left\" style=\"cursor: pointer; color: #555\"><i class=\"fa fa-print fa-lg\"><\/i>\n\t\t\t\t\t\t\t<span>Printa ut denna sida<\/span><\/div><\/div>\n","protected":false},"excerpt":{"rendered":"<p>Fria kristliga folkh\u00f6gskolan\u00d6stra Kaserntorget 1, PB 4665100 VASA,FINLAND V\u00e4xel: 06 319 1500Mobil: 050 377 5859 Email: info [at] fkf.fi eller kansli [at] fkf.fi Rektor: Thomas Nordstr\u00f6m Internatsf\u00f6rest\u00e5ndare: Tomas Swanljung E-post: f\u00f6rnamn.efternamn[at]fkf.fi Karta \u00f6ver omr\u00e5det:<\/p>\n","protected":false},"author":4,"featured_media":0,"parent":0,"menu_order":0,"comment_status":"closed","ping_status":"closed","template":"","meta":{"footnotes":""},"class_list":{"0":"post-88","1":"page","2":"type-page","3":"status-publish","5":"entry"},"_links":{"self":[{"href":"https:\/\/fkf.fi\/index.php\/wp-json\/wp\/v2\/pages\/88","targetHints":{"allow":["GET"]}}],"collection":[{"href":"https:\/\/fkf.fi\/index.php\/wp-json\/wp\/v2\/pages"}],"about":[{"href":"https:\/\/fkf.fi\/index.php\/wp-json\/wp\/v2\/types\/page"}],"author":[{"embeddable":true,"href":"https:\/\/fkf.fi\/index.php\/wp-json\/wp\/v2\/users\/4"}],"replies":[{"embeddable":true,"href":"https:\/\/fkf.fi\/index.php\/wp-json\/wp\/v2\/comments?post=88"}],"version-history":[{"count":18,"href":"https:\/\/fkf.fi\/index.php\/wp-json\/wp\/v2\/pages\/88\/revisions"}],"predecessor-version":[{"id":3033,"href":"https:\/\/fkf.fi\/index.php\/wp-json\/wp\/v2\/pages\/88\/revisions\/3033"}],"wp:attachment":[{"href":"https:\/\/fkf.fi\/index.php\/wp-json\/wp\/v2\/media?parent=88"}],"curies":[{"name":"wp","href":"https:\/\/api.w.org\/{rel}","templated":true}]}}