{"id":534,"date":"2017-01-05T14:42:00","date_gmt":"2017-01-05T14:42:00","guid":{"rendered":"http:\/\/fkf.fi\/?page_id=534"},"modified":"2017-01-05T17:35:35","modified_gmt":"2017-01-05T17:35:35","slug":"ansokning-3-student","status":"publish","type":"page","link":"https:\/\/fkf.fi\/index.php\/ansokning-3-student\/","title":{"rendered":"Ans\u00f6kning 3 &#038; Student"},"content":{"rendered":"<div id=\"vfb-form-2\" class=\"visual-form-builder-container\"><form id=\"ansokan-3student-2\" class=\"visual-form-builder vfb-form-2 \" method=\"post\" enctype=\"multipart\/form-data\">\n\t  \t<input type=\"hidden\" name=\"form_id\" value=\"2\" \/><fieldset class=\"vfb-fieldset vfb-fieldset-1 ansokan-till-3-student \" id=\"item-vfb-24\"><div class=\"vfb-legend\"><h3>Ans\u00f6kan till 3 &amp; Student<\/h3><\/div><ul class=\"vfb-section vfb-section-1\"><div id=\"item-vfb-28\" class=\"vfb-section-div \"><h4>Personuppgifter<\/h4><\/div><div class=\"vfb-clear\"><\/div><li class=\"vfb-item vfb-item-text  \" id=\"item-vfb-29\"><label for=\"vfb-29\" class=\"vfb-desc\">Efternamn  <span class=\"vfb-required-asterisk\">*<\/span><\/label><input type=\"text\" name=\"vfb-29\" id=\"vfb-29\" value=\"\" class=\"vfb-text  vfb-large  required  \" \/><\/li><li class=\"vfb-item vfb-item-text  \" id=\"item-vfb-30\"><label for=\"vfb-30\" class=\"vfb-desc\">F\u00f6rnamn  <span class=\"vfb-required-asterisk\">*<\/span><\/label><input type=\"text\" name=\"vfb-30\" id=\"vfb-30\" value=\"\" class=\"vfb-text  vfb-large  required  \" \/><\/li><li class=\"vfb-item vfb-item-text  \" id=\"item-vfb-31\"><label for=\"vfb-31\" class=\"vfb-desc\">Gatuadress  <span class=\"vfb-required-asterisk\">*<\/span><\/label><input type=\"text\" name=\"vfb-31\" id=\"vfb-31\" value=\"\" class=\"vfb-text  vfb-large  required  \" \/><\/li><li class=\"vfb-item vfb-item-text  \" id=\"item-vfb-32\"><label for=\"vfb-32\" class=\"vfb-desc\">Postnummer  <span class=\"vfb-required-asterisk\">*<\/span><\/label><input type=\"text\" name=\"vfb-32\" id=\"vfb-32\" value=\"\" class=\"vfb-text  vfb-medium  required  \" \/><\/li><li class=\"vfb-item vfb-item-text  \" id=\"item-vfb-33\"><label for=\"vfb-33\" class=\"vfb-desc\">Postanstalt  <span class=\"vfb-required-asterisk\">*<\/span><\/label><input type=\"text\" name=\"vfb-33\" id=\"vfb-33\" value=\"\" class=\"vfb-text  vfb-medium  required  \" \/><\/li><li class=\"vfb-item vfb-item-email  \" id=\"item-vfb-48\"><label for=\"vfb-48\" class=\"vfb-desc\">E-post  <span class=\"vfb-required-asterisk\">*<\/span><\/label><span class=\"vfb-span\"><input type=\"email\" name=\"vfb-48\" id=\"vfb-48\" value=\"\" class=\"vfb-text  vfb-medium  required  email \" \/><label>Du f\u00e5r en kopia p\u00e5 denna blankett till den e-post du anger.<\/label><\/span><\/li><li class=\"vfb-item vfb-item-text  \" id=\"item-vfb-35\"><label for=\"vfb-35\" class=\"vfb-desc\">F\u00f6delsetid  <span class=\"vfb-required-asterisk\">*<\/span><\/label><span class=\"vfb-span\"><input type=\"text\" name=\"vfb-35\" id=\"vfb-35\" value=\"\" class=\"vfb-text  vfb-medium  required  \" \/><label>ex. dd\/mm\/\u00e5r<\/label><\/span><\/li><div id=\"item-vfb-42\" class=\"vfb-section-div \"><h4>Internat<\/h4><\/div><div class=\"vfb-clear\"><\/div><li class=\"vfb-item vfb-item-checkbox  \" id=\"item-vfb-43\"><label class=\"vfb-desc\">Jag \u00f6nskar internatplats  <span class=\"vfb-required-asterisk\">*<\/span><\/label><div><span class=\"vfb-span\"><input type=\"checkbox\" name=\"vfb-43[]\" id=\"vfb-43-0\" value=\"Ja\" class=\"vfb-checkbox  required \" \/><label for=\"vfb-43-0\" class=\"vfb-choice\">Ja<\/label><\/span><span class=\"vfb-span\"><input type=\"checkbox\" name=\"vfb-43[]\" id=\"vfb-43-1\" value=\"Nej\" class=\"vfb-checkbox  required \" \/><label for=\"vfb-43-1\" class=\"vfb-choice\">Nej<\/label><\/span><div style=\"clear:both\"><\/div><\/div><\/li><li class=\"vfb-item vfb-item-text  \" id=\"item-vfb-44\"><label for=\"vfb-44\" class=\"vfb-desc\">F\u00f6r\u00e4lders namn om du \u00e4r under 18 \u00e5r. <\/label><input type=\"text\" name=\"vfb-44\" id=\"vfb-44\" value=\"\" class=\"vfb-text  vfb-large   \" \/><\/li><li class=\"vfb-item vfb-item-text  \" id=\"item-vfb-45\"><label for=\"vfb-45\" class=\"vfb-desc\">F\u00f6r\u00e4lders telefonnummer <\/label><input type=\"text\" name=\"vfb-45\" id=\"vfb-45\" value=\"\" class=\"vfb-text  vfb-medium   \" \/><\/li><li class=\"vfb-item vfb-item-textarea  \" id=\"item-vfb-46\"><label for=\"vfb-46\" class=\"vfb-desc\">Eventuell \u00f6vrig information och\/eller fr\u00e5gor: <\/label><div><textarea name=\"vfb-46\" id=\"vfb-46\" class=\"vfb-textarea  vfb-large  \"><\/textarea><\/div><\/li><\/ul>&nbsp;<\/fieldset><fieldset class=\"vfb-fieldset vfb-fieldset-2 identifikation \" id=\"item-vfb-25\" style=\"display:block\"><div class=\"vfb-legend\"><h3>Identifikation<\/h3><\/div><ul class=\"vfb-section vfb-section-2\"><li class=\"vfb-item vfb-item-secret\"  style=\"display:block\"><label for=\"vfb-26\" class=\"vfb-desc\">Ange tv\u00e5 siffror <span class=\"vfb-required-asterisk\">*<\/span><\/label><input type=\"hidden\" name=\"_vfb-secret\" value=\"vfb-26\" \/><span class=\"vfb-span\"><input type=\"text\" name=\"vfb-26\" id=\"vfb-26\" value=\"\" class=\"vfb-text  vfb-medium  required {digits:true,maxlength:2,minlength:2} \" style=\"display:block\" \/><label>Ex. 12<\/label><\/span><li style=\"display:none;\"><label>This box is for spam protection - &lt;strong&gt;please leave it blank&lt;\/strong&gt;:<\/label><div><input name=\"vfb-spam\" \/><\/div><\/li>\n\t\t\t<li class=\"vfb-item vfb-item-submit\" id=\"item-vfb-27\">\n\t\t\t\t<input type=\"submit\" name=\"vfb-submit\" id=\"vfb-27\" value=\"Skicka ans\u00f6kan\" class=\"vfb-submit \" \/>\n\t\t\t\t<\/li><\/ul>\n\t\t\t<\/fieldset><input type=\"hidden\" name=\"_wp_http_referer\" value=\"\/index.php\/wp-json\/wp\/v2\/pages\/534\" \/><\/form><\/div> <!-- .visual-form-builder-container -->\n<div class=\"h5ab-print-button-container\"><div class=\"h5ab-print-button h5ab-print-button-left\" style=\"cursor: pointer; color: #555\"><i class=\"fa fa-print fa-lg\"><\/i>\n\t\t\t\t\t\t\t<span>Printa ut denna sida<\/span><\/div><\/div>\n","protected":false},"excerpt":{"rendered":"","protected":false},"author":2,"featured_media":0,"parent":0,"menu_order":0,"comment_status":"closed","ping_status":"closed","template":"","meta":{"footnotes":""},"class_list":{"0":"post-534","1":"page","2":"type-page","3":"status-publish","5":"entry"},"_links":{"self":[{"href":"https:\/\/fkf.fi\/index.php\/wp-json\/wp\/v2\/pages\/534","targetHints":{"allow":["GET"]}}],"collection":[{"href":"https:\/\/fkf.fi\/index.php\/wp-json\/wp\/v2\/pages"}],"about":[{"href":"https:\/\/fkf.fi\/index.php\/wp-json\/wp\/v2\/types\/page"}],"author":[{"embeddable":true,"href":"https:\/\/fkf.fi\/index.php\/wp-json\/wp\/v2\/users\/2"}],"replies":[{"embeddable":true,"href":"https:\/\/fkf.fi\/index.php\/wp-json\/wp\/v2\/comments?post=534"}],"version-history":[{"count":2,"href":"https:\/\/fkf.fi\/index.php\/wp-json\/wp\/v2\/pages\/534\/revisions"}],"predecessor-version":[{"id":586,"href":"https:\/\/fkf.fi\/index.php\/wp-json\/wp\/v2\/pages\/534\/revisions\/586"}],"wp:attachment":[{"href":"https:\/\/fkf.fi\/index.php\/wp-json\/wp\/v2\/media?parent=534"}],"curies":[{"name":"wp","href":"https:\/\/api.w.org\/{rel}","templated":true}]}}