{"id":440,"date":"2016-12-20T11:46:05","date_gmt":"2016-12-20T11:46:05","guid":{"rendered":"http:\/\/fkf.fi\/?page_id=440"},"modified":"2026-01-27T14:33:46","modified_gmt":"2026-01-27T12:33:46","slug":"hakuopas","status":"publish","type":"page","link":"https:\/\/fkf.fi\/index.php\/hakuopas\/","title":{"rendered":"Hakuopas"},"content":{"rendered":"<p><strong>Fria kristliga folkh\u00f6gskolanin yliopistoyksikk\u00f6<\/strong><\/p>\n<p>Fria kristliga folkh\u00f6gskolanin (FKF) yliopistoyksikk\u00f6 tarjoaa ainutlaatuisen japanologian kandidaattiohjelman yhteisty\u00f6ss\u00e4 Taalainmaan yliopiston kanssa.<\/p>\n<p><strong>Filosofian kandidaatin tutkintoon johtava ohjelma<\/strong><\/p>\n<p>Kandidaattiohjelma koostuu opinnoista japanin kieless\u00e4 sek\u00e4 Japanin yhteiskuntaa ja kulttuuria (my\u00f6s populaarikulttuuri) k\u00e4sittelevist\u00e4 kursseista. Luennot pidet\u00e4\u00e4n Fria kristliga folkh\u00f6gskolanin yliopistoyksik\u00f6ss\u00e4 Vaasassa. Tiettyj\u00e4 kursseja ja kurssien osia j\u00e4rjestet\u00e4\u00e4n Taalainmaan yliopiston toimesta et\u00e4kursseina. N\u00e4it\u00e4kin t\u00e4ydent\u00e4v\u00e4t luennot pidet\u00e4\u00e4n Vaasassa.<\/p>\n<p><strong>Kandidaattiohjelman sis\u00e4lt\u00f6<\/strong><\/p>\n<p>Kandidaattiohjelma koostuu kahdesta p\u00e4\u00e4osasta: kieliopinnoista sek\u00e4 reaaliaineiden yms. opinnoista. Osia kieliopinnoista, samoin kuin reaalikursseja voi my\u00f6s yhdist\u00e4\u00e4 muiden yliopistojen opintoihin ja tutkintoihin.<\/p>\n<p><strong>Kieliopinnot koostuvat seuraavista kurssikokonaisuuksista:<\/strong><\/p>\n<p>Japani I (30 opintopistett\u00e4)<br \/>\nJapani II (30 opintopistett\u00e4)<br \/>\nJapani III (30 opintopistett\u00e4)<br \/>\nJapani IV (30-45 opintopistett\u00e4)<br \/>\nJapani V (30 opintopistett\u00e4)<\/p>\n<p><strong>Reaalikurssitarjontaan kuuluu t\u00e4ll\u00e4 hetkell\u00e4 mm.:<\/strong><\/p>\n<p>Nyky-Japanin kulttuuri ja yhteiskunta (7,5 opintopistett\u00e4)<br \/>\nJapanilainen populaarikulttuuri, anime ja manga (7,5 opintopistett\u00e4)<br \/>\nAkateeminen kirjoittaminen (7,5 opintopistett\u00e4)<\/p>\n<p>Opintojen loppuvaiheeseen kuuluu kurssi &#8220;Akateeminen kirjoittaminen ja tutkimusmenetelm\u00e4t&#8221; sek\u00e4 kandidaatintutkielma.<\/p>\n<p>Yll\u00e4 mainittujen kandidaatin tutkielmaan johtavien kurssien lis\u00e4ksi j\u00e4rjestet\u00e4\u00e4n kursseja kalligrafiassa sek\u00e4 japanin kielen JLPT-taitotasekokeeseen (Japanese-Language Proficiency Test) valmistavia kursseja.<\/p>\n<p>Kandidaatin tutkintoon vaaditaan yhteens\u00e4 180 opintopistett\u00e4. Tarkemmin kurssiosioiden sis\u00e4ll\u00f6st\u00e4 l\u00f6ytyy tietoa\u00a0<a href=\"https:\/\/www.du.se\/sv\/Utbildning\/vara-utbildningar\/sprak\/japanska\/\" target=\"_blank\" rel=\"noopener noreferrer\">Taalainmaan yliopiston<\/a>\u00a0verkkosivuilta.<\/p>\n<p><strong>Opetus<\/strong><\/p>\n<p>Kandidaattiohjelman luennot pidet\u00e4\u00e4n Fria kristliga folkh\u00f6gskolanin yliopistoyksik\u00f6ss\u00e4 Vaasassa. Oppilaitoksen kampus sijaitsee Kasarmintorin laidalla. Opettajina Vaasassa toimivat\u00a0<a href=\"mailto:jelomaa@fkf.fi\">Jouni Elomaa<\/a>\u00a0ja Tomoko Watanabe.<\/p>\n<p>Lukuvuoden aikana voi suorittaa 60-75 opintopistett\u00e4. Useimmat kurssit p\u00e4\u00e4ttyv\u00e4t lopputenttiin.<\/p>\n<p>Opintosuoritukset hyv\u00e4ksyt\u00e4\u00e4n hakemuksesta opintopisteiksi Taalainmaan yliopistossa. Luennoilla opetuskielin\u00e4 k\u00e4ytet\u00e4\u00e4n ruotsia, suomea ja englantia, ylemmill\u00e4 tasoilla my\u00f6s japania.<\/p>\n<p><strong>Kuka voi hakea?<\/strong><\/p>\n<p>Koulutusohjelmaan hakevan tulee olla suorittanut ylioppilastutkinto tai kolmivuotinen ammattitutkinto. Lukion A-englanti tulee olla suoritettuna (tai sit\u00e4 vastaava CEFR-taso B2). Japanin opintoja voi yhdist\u00e4\u00e4 muihin yliopisto-opintoihin. My\u00f6s On kuitenkin huomattava, ett\u00e4 japanin kielen opinnot ovat vaativat.<\/p>\n<p>Opiskelijat otetaan sis\u00e4\u00e4n valintalautakunnan arvion perusteella. Valinnassa painotetaan todistuksia, suosituksia sek\u00e4 hakijan motivoituneisuutta.<\/p>\n<p><strong>Talous<\/strong><\/p>\n<p>Opintotukea ja \u2013lainaa voi hakea Valtion opintotukikeskuksesta. L\u00e4hempi\u00e4 tietoja saa\u00a0<a href=\"mailto:kansli@fkf.fi\">FKF:n kansliasta<\/a>. Opintomaksu on 50,- lukukaudessa. Lis\u00e4ksi tulevat opiskelumateriaalikustannukset.<\/p>\n<p><strong>Hakuaika<\/strong><\/p>\n<p>Vapaamuotoisten hakemusten kandidaattiohjelmaan tulee olla perill\u00e4 FKF:ssa viimeist\u00e4\u00e4n 16.6.2026. Tieto opiskelupaikasta annetaan 30.6.2026 menness\u00e4. Opinnot alkavat keskiviikkona 26.8.2026. FKF yliopistoyksikk\u00f6, Fria kristliga folkh\u00f6gskolan, It\u00e4inen Kasarmintori 1, PL 46, Vaasa. Puh. (0)6 319 1500. S\u00e4hk\u00f6posti: <a href=\"mailto:kansli@fkf.fi\">kansli@fkf.fi.<\/a><\/p>\n<div class=\"h5ab-print-button-container\"><div class=\"h5ab-print-button h5ab-print-button-left\" style=\"cursor: pointer; color: #555\"><i class=\"fa fa-print fa-lg\"><\/i>\n\t\t\t\t\t\t\t<span>Printa ut denna sida<\/span><\/div><\/div>\n","protected":false},"excerpt":{"rendered":"<p>Fria kristliga folkh\u00f6gskolanin yliopistoyksikk\u00f6 Fria kristliga folkh\u00f6gskolanin (FKF) yliopistoyksikk\u00f6 tarjoaa ainutlaatuisen japanologian kandidaattiohjelman yhteisty\u00f6ss\u00e4 Taalainmaan yliopiston kanssa. Filosofian kandidaatin tutkintoon johtava ohjelma Kandidaattiohjelma koostuu opinnoista japanin kieless\u00e4 sek\u00e4 Japanin yhteiskuntaa ja kulttuuria (my\u00f6s populaarikulttuuri) k\u00e4sittelevist\u00e4 kursseista. Luennot pidet\u00e4\u00e4n Fria kristliga folkh\u00f6gskolanin yliopistoyksik\u00f6ss\u00e4 Vaasassa. Tiettyj\u00e4 kursseja ja kurssien osia j\u00e4rjestet\u00e4\u00e4n Taalainmaan yliopiston toimesta et\u00e4kursseina. N\u00e4it\u00e4kin t\u00e4ydent\u00e4v\u00e4t&hellip; <span class=\"kuorinka-read-more\"><a href=\"https:\/\/fkf.fi\/index.php\/hakuopas\/\" class=\"more-link\">Read more <span class=\"screen-reader-text\">Hakuopas<\/span><\/a><\/span><\/p>\n","protected":false},"author":5,"featured_media":0,"parent":0,"menu_order":0,"comment_status":"closed","ping_status":"closed","template":"","meta":{"footnotes":""},"class_list":{"0":"post-440","1":"page","2":"type-page","3":"status-publish","5":"entry"},"_links":{"self":[{"href":"https:\/\/fkf.fi\/index.php\/wp-json\/wp\/v2\/pages\/440","targetHints":{"allow":["GET"]}}],"collection":[{"href":"https:\/\/fkf.fi\/index.php\/wp-json\/wp\/v2\/pages"}],"about":[{"href":"https:\/\/fkf.fi\/index.php\/wp-json\/wp\/v2\/types\/page"}],"author":[{"embeddable":true,"href":"https:\/\/fkf.fi\/index.php\/wp-json\/wp\/v2\/users\/5"}],"replies":[{"embeddable":true,"href":"https:\/\/fkf.fi\/index.php\/wp-json\/wp\/v2\/comments?post=440"}],"version-history":[{"count":21,"href":"https:\/\/fkf.fi\/index.php\/wp-json\/wp\/v2\/pages\/440\/revisions"}],"predecessor-version":[{"id":3167,"href":"https:\/\/fkf.fi\/index.php\/wp-json\/wp\/v2\/pages\/440\/revisions\/3167"}],"wp:attachment":[{"href":"https:\/\/fkf.fi\/index.php\/wp-json\/wp\/v2\/media?parent=440"}],"curies":[{"name":"wp","href":"https:\/\/api.w.org\/{rel}","templated":true}]}}