{"id":435,"date":"2016-12-20T11:43:44","date_gmt":"2016-12-20T11:43:44","guid":{"rendered":"http:\/\/fkf.fi\/?page_id=435"},"modified":"2026-01-27T14:32:38","modified_gmt":"2026-01-27T12:32:38","slug":"ansokningsguide","status":"publish","type":"page","link":"https:\/\/fkf.fi\/index.php\/ansokningsguide\/","title":{"rendered":"Ans\u00f6kningsguide"},"content":{"rendered":"<p><strong>Universitetsavdelningen vid Fria kristliga folkh\u00f6gskolan<\/strong><\/p>\n<p>Universitetsavdelningen vid Fria kristliga folkh\u00f6gskolan (FKF) erbjuder ett unikt kandidatprogram i Japanologi i samarbete med H\u00f6gskolan Dalarna.<\/p>\n<p><strong>Filosofie kandidat programmet<\/strong><\/p>\n<p>Kandidatprogrammet best\u00e5r av studier i japanska spr\u00e5ket samt olika kurser inom \u00e4mnesomr\u00e5den s\u00e5som Japans samh\u00e4lle samt Japans kultur och popul\u00e4rkultur. F\u00f6rel\u00e4sningarna h\u00e5lls p\u00e5 universitetsavdelningen vid Fria kristliga folkh\u00f6gskolan i Vasa.<br \/>Vissa kurser och kursmoment arrangeras som distanskurser via H\u00f6gskolan Dalarna. Kompletterande f\u00f6rel\u00e4sningar h\u00e5lls d\u00e5 i Vasa.<\/p>\n<p><strong>Inneh\u00e5ll i kandidatprogrammet<\/strong><\/p>\n<p>Kandidatprogrammet best\u00e5r av tv\u00e5 huvudsakliga delar: spr\u00e5kstudier samt studier inom realia \u00e4mnen m.m.. Delar av spr\u00e5kstudierna samt kurser i realia kan ocks\u00e5 kombineras med studier och examina vid andra universitet.<\/p>\n<p><strong>Spr\u00e5kstudierna best\u00e5r av f\u00f6ljande kursuppl\u00e4gg:<\/strong><\/p>\n<p>Japanska I (30 p.)<br \/>Japanska II (30 p.)<br \/>Japanska III (30 p.)<br \/>Japanska IV (30-45 p.)<br \/>Japanska V (30 p.)<\/p>\n<p><strong>Kurser i realia m.m. \u00e4r f\u00f6r n\u00e4rvarande f\u00f6ljande:<\/strong><\/p>\n<p>Nutida Japan, kultur och samh\u00e4lle (7,5 p.)<br \/>Japansk popul\u00e4rkultur, anime och manga (7,5 p.)<br \/>Akademiskt skrivande (7,5 p.)<\/p>\n<p>Studiernas avslutande skede best\u00e5r av kurserna &#8220;Akademiskt skrivande och forskningsmetod&#8221; samt &#8220;Kandidatexamensarbete&#8221;. Dessa kurser arrangeras som distanskurser via H\u00f6gskolan Dalarna. Kompletterande f\u00f6rel\u00e4sningar h\u00e5lls i Vasa.<\/p>\n<p>F\u00f6rutom ovann\u00e4mnda kurser i kandidatprogrammet arrangeras \u00e4ven kurser i kalligrafi samt JLPT (Japanese Language Profiency Test).<\/p>\n<p>F\u00f6r en kandidatexamen fordras sammanlagt 180 studiepo\u00e4ng. N\u00e4rmare information om kursmomentenas inneh\u00e5ll finns p\u00e5 hemsidorna f\u00f6r\u00a0<a href=\"https:\/\/www.du.se\/sv\/Utbildning\/vara-utbildningar\/sprak\/japanska\/\" target=\"_blank\" rel=\"noopener noreferrer\">H\u00f6gskolan Dalarna<\/a>.<\/p>\n<p><strong>Undervisning<\/strong><\/p>\n<p>F\u00f6rel\u00e4sningar inom kandidatprogrammet h\u00e5lls p\u00e5 Universitetsavdelningen vid Fria kristliga folkh\u00f6gskolan i Vasa. Folkh\u00f6gskolans campus finns vid Kaserntorget. Som l\u00e4rare fungerar\u00a0<a href=\"mailto:jelomaa@fkf.fi\">Jouni Elomaa <\/a>och Tomoko Watanabe.<\/p>\n<p>Under varje l\u00e4s\u00e5r \u00e4r det m\u00f6jligt att avl\u00e4gga 60-75 studiepo\u00e4ng. De flesta kurserna avslutas med en slutexamen.<\/p>\n<p>Studieprestationer noteras som studiepo\u00e4ng vid H\u00f6gskolan Dalarna efter ans\u00f6kan. F\u00f6rel\u00e4sningar ges p\u00e5 svenska, finska och engelska.<\/p>\n<p><strong>Vem kan s\u00f6ka<\/strong><\/p>\n<p>S\u00f6kande till utbildningen b\u00f6r ha avlagt studentexamen eller tre\u00e5rig yrkesexamen. Notera att gymnasiekurserna i engelska spr\u00e5ket A-niv\u00e5 (eller CEFR referensniv\u00e5 B2) b\u00f6r ha avklarats. <span style=\"font-size: inherit;\">Det g\u00e5r att kombinera studier i japanska med andra universitetsstudier. Kom ih\u00e5g att studierna i japanologi \u00e4r kr\u00e4vande.<\/span><\/p>\n<p>Studerande antas enligt bed\u00f6mning av en antagningsn\u00e4mnd. V\u00e4gande kriterier \u00e4r betyg, rekommendationer samt motivation.<\/p>\n<p><strong>Ekonomi<\/strong><\/p>\n<p>Studiest\u00f6d och studiel\u00e5n kan s\u00f6kas fr\u00e5n Statens studiest\u00f6dscentral. N\u00e4rmare uppgifter erh\u00e5lls fr\u00e5n\u00a0<a href=\"mailto:kansli@fkf.fi\">FKF:s kansli.<\/a>\u00a0Studieavgift per termin \u00e4r 50,-. Kostnader f\u00f6r studiematerial tillkommer.<\/p>\n<p><strong>Ans\u00f6kningstid<\/strong><\/p>\n<p>Fritt formulerade ans\u00f6kningar till kandidatprogrammet b\u00f6r vara FKF tillhanda senast 16.6.2026. Meddelande om studieplats ges f\u00f6re 30.6.2026. Studierna inleds onsdagen den 26.8.2026. Universitetsavdelningen vid FKF, Fria kristliga folkh\u00f6gskolan, \u00d6stra Kaserntorget 1, PB 46, Vasa. Tfn. (0)6 319 1500. E-post: <a href=\"mailto:kansli@fkf.fi\">kansli@fkf.fi.<\/a><\/p>\n<div class=\"h5ab-print-button-container\"><div class=\"h5ab-print-button h5ab-print-button-left\" style=\"cursor: pointer; color: #555\"><i class=\"fa fa-print fa-lg\"><\/i>\n\t\t\t\t\t\t\t<span>Printa ut denna sida<\/span><\/div><\/div>\n\n","protected":false},"excerpt":{"rendered":"<p>Universitetsavdelningen vid Fria kristliga folkh\u00f6gskolan Universitetsavdelningen vid Fria kristliga folkh\u00f6gskolan (FKF) erbjuder ett unikt kandidatprogram i Japanologi i samarbete med H\u00f6gskolan Dalarna. Filosofie kandidat programmet Kandidatprogrammet best\u00e5r av studier i japanska spr\u00e5ket samt olika kurser inom \u00e4mnesomr\u00e5den s\u00e5som Japans samh\u00e4lle samt Japans kultur och popul\u00e4rkultur. F\u00f6rel\u00e4sningarna h\u00e5lls p\u00e5 universitetsavdelningen vid Fria kristliga folkh\u00f6gskolan i Vasa.Vissa&hellip; <span class=\"kuorinka-read-more\"><a href=\"https:\/\/fkf.fi\/index.php\/ansokningsguide\/\" class=\"more-link\">Read more <span class=\"screen-reader-text\">Ans\u00f6kningsguide<\/span><\/a><\/span><\/p>\n","protected":false},"author":5,"featured_media":0,"parent":0,"menu_order":0,"comment_status":"closed","ping_status":"closed","template":"","meta":{"footnotes":""},"class_list":{"0":"post-435","1":"page","2":"type-page","3":"status-publish","5":"entry"},"_links":{"self":[{"href":"https:\/\/fkf.fi\/index.php\/wp-json\/wp\/v2\/pages\/435","targetHints":{"allow":["GET"]}}],"collection":[{"href":"https:\/\/fkf.fi\/index.php\/wp-json\/wp\/v2\/pages"}],"about":[{"href":"https:\/\/fkf.fi\/index.php\/wp-json\/wp\/v2\/types\/page"}],"author":[{"embeddable":true,"href":"https:\/\/fkf.fi\/index.php\/wp-json\/wp\/v2\/users\/5"}],"replies":[{"embeddable":true,"href":"https:\/\/fkf.fi\/index.php\/wp-json\/wp\/v2\/comments?post=435"}],"version-history":[{"count":25,"href":"https:\/\/fkf.fi\/index.php\/wp-json\/wp\/v2\/pages\/435\/revisions"}],"predecessor-version":[{"id":3166,"href":"https:\/\/fkf.fi\/index.php\/wp-json\/wp\/v2\/pages\/435\/revisions\/3166"}],"wp:attachment":[{"href":"https:\/\/fkf.fi\/index.php\/wp-json\/wp\/v2\/media?parent=435"}],"curies":[{"name":"wp","href":"https:\/\/api.w.org\/{rel}","templated":true}]}}