{"id":411,"date":"2016-12-16T11:18:41","date_gmt":"2016-12-16T11:18:41","guid":{"rendered":"http:\/\/fkf.fi\/?page_id=411"},"modified":"2018-02-28T03:28:41","modified_gmt":"2018-02-28T01:28:41","slug":"teologikurs-norra-osterbotten","status":"publish","type":"page","link":"https:\/\/fkf.fi\/index.php\/teologikurs-norra-osterbotten\/","title":{"rendered":"Teologikurs norra \u00f6sterbotten"},"content":{"rendered":"<h2>TEOLOGI I GT OCH NT, DEL 1 (7,5 H\u00d6GSKOLEPO\u00c4NG)<\/h2>\n<h3>N\u00c4RSTUDIETR\u00c4FFAR<\/h3>\n<p>N\u00e4rstudietr\u00e4ffar i Nykarleby (Pingstkyrkan): \u00a0fredag-l\u00f6rdag 20-21.10., 24-25.11., 12-13.1. 2018. F\u00f6rel\u00e4sningarna h\u00e5lls fredagar kl. 16-20 samt l\u00f6rdagar kl. 9-15.<\/p>\n<h3>INNEH\u00c5LL<\/h3>\n<p>Kursen behandlar profetb\u00f6cker och Psaltaren i Gamla testamentet samt evangelierna och Apostlag\u00e4rningarna i Nya testamentet med fokus p\u00e5 inneh\u00e5ll, tolkning och teologi. I f\u00f6rel\u00e4sningar och f\u00f6rdjupningsarbeten g\u00f6rs dessutom n\u00e4rl\u00e4sning av enskilda texter. Dessa \u00e4r valda antingen som exempel p\u00e5 en texttyp eller f\u00f6r att illustrera n\u00e5gon form av tolkningsproblematik. Kursen inneh\u00e5ller ocks\u00e5 en \u00f6versikt \u00f6ver bibelforskningen i vilken de viktigaste metoderna introduceras med viktiga exempel. En introduktion till grundspr\u00e5ket i Nya Testamentet, grekiska, ing\u00e5r ocks\u00e5 i kursen.<\/p>\n<h3>UNDERVISNING<\/h3>\n<p>Kursen genomf\u00f6rs som distanskurs med tre n\u00e4rstudietr\u00e4ffar som inneh\u00e5ller f\u00f6rel\u00e4sningar och grupparbeten.<\/p>\n<h3>EXAMINATION<\/h3>\n<p>Begreppsanalys p\u00e5 begrepp i Psalm 51 (2hp)<br \/>\n\u00d6vning i liknelsetolkning (2 hp)<br \/>\nRecension av boken Profeten (2 hp)<br \/>\nReferat av boken Vem \u00e4r den mannen (1,5 hp)<br \/>\nF\u00d6REL\u00c4SARE<\/p>\n<p>Som f\u00f6rel\u00e4sare fungerar Lennart Bostr\u00f6m, Patrik Wahlund, Mikael Tellbe samt Greger Andersson.<\/p>\n<h3>ANM\u00c4LNINGAR<\/h3>\n<p>Kurskostnad \u00e4r 125,- f\u00f6r utf\u00f6rd h\u00f6gskolkurs samt 40,- f\u00f6r m\u00f6jlighet att delta i de tre n\u00e4rstudietr\u00e4ffarna. Anm\u00e4lningar g\u00f6rs till Agneta.Enstrom@gmail.com eller TDH@fkf.fi. Som kursarrang\u00f6rer fungerar Finlands Svenska Baptistsamfund, Finlands svenska pingstmission, Missionskyrkan i Finland och Fria kristliga folkh\u00f6gskolan i samarbete med \u00d6rebro Teologiska H\u00f6gskola.<\/p>\n<h3>LITTERATUR<\/h3>\n<p>Huvudsaklig litteratur:<\/p>\n<p>Andersson, Greger, Lennart Bostr\u00f6m, Lars Olov Eriksson &amp; \u00c5ke Viberg. (2003). Profeterna, En guide till Gamla testamentets profetiska b\u00f6cker. \u00d6rebro: Libris s 7-229 ISBN: 91-7195-681-6<br \/>\nSj\u00f6berg, Anders: Vem \u00e4r den mannen? En guide till evangelierna. Libris guideserie till Bibeln. \u00d6rebro: Libris 207 s. ISBN: 9789171957634<br \/>\n<div class=\"h5ab-print-button-container\"><div class=\"h5ab-print-button h5ab-print-button-left\" style=\"cursor: pointer; color: #555\"><i class=\"fa fa-print fa-lg\"><\/i>\n\t\t\t\t\t\t\t<span>Printa ut denna sida<\/span><\/div><\/div><\/p>\n","protected":false},"excerpt":{"rendered":"<p>TEOLOGI I GT OCH NT, DEL 1 (7,5 H\u00d6GSKOLEPO\u00c4NG) N\u00c4RSTUDIETR\u00c4FFAR N\u00e4rstudietr\u00e4ffar i Nykarleby (Pingstkyrkan): \u00a0fredag-l\u00f6rdag 20-21.10., 24-25.11., 12-13.1. 2018. F\u00f6rel\u00e4sningarna h\u00e5lls fredagar kl. 16-20 samt l\u00f6rdagar kl. 9-15. INNEH\u00c5LL Kursen behandlar profetb\u00f6cker och Psaltaren i Gamla testamentet samt evangelierna och Apostlag\u00e4rningarna i Nya testamentet med fokus p\u00e5 inneh\u00e5ll, tolkning och teologi. I f\u00f6rel\u00e4sningar och f\u00f6rdjupningsarbeten&hellip; <span class=\"kuorinka-read-more\"><a href=\"https:\/\/fkf.fi\/index.php\/teologikurs-norra-osterbotten\/\" class=\"more-link\">Read more <span class=\"screen-reader-text\">Teologikurs norra \u00f6sterbotten<\/span><\/a><\/span><\/p>\n","protected":false},"author":5,"featured_media":0,"parent":0,"menu_order":0,"comment_status":"closed","ping_status":"closed","template":"","meta":{"footnotes":""},"class_list":{"0":"post-411","1":"page","2":"type-page","3":"status-publish","5":"entry"},"_links":{"self":[{"href":"https:\/\/fkf.fi\/index.php\/wp-json\/wp\/v2\/pages\/411","targetHints":{"allow":["GET"]}}],"collection":[{"href":"https:\/\/fkf.fi\/index.php\/wp-json\/wp\/v2\/pages"}],"about":[{"href":"https:\/\/fkf.fi\/index.php\/wp-json\/wp\/v2\/types\/page"}],"author":[{"embeddable":true,"href":"https:\/\/fkf.fi\/index.php\/wp-json\/wp\/v2\/users\/5"}],"replies":[{"embeddable":true,"href":"https:\/\/fkf.fi\/index.php\/wp-json\/wp\/v2\/comments?post=411"}],"version-history":[{"count":9,"href":"https:\/\/fkf.fi\/index.php\/wp-json\/wp\/v2\/pages\/411\/revisions"}],"predecessor-version":[{"id":763,"href":"https:\/\/fkf.fi\/index.php\/wp-json\/wp\/v2\/pages\/411\/revisions\/763"}],"wp:attachment":[{"href":"https:\/\/fkf.fi\/index.php\/wp-json\/wp\/v2\/media?parent=411"}],"curies":[{"name":"wp","href":"https:\/\/api.w.org\/{rel}","templated":true}]}}