{"id":34,"date":"2015-12-03T10:39:39","date_gmt":"2015-12-03T10:39:39","guid":{"rendered":"http:\/\/fkf.fi\/?page_id=34"},"modified":"2020-10-02T09:20:49","modified_gmt":"2020-10-02T06:20:49","slug":"3-x-student","status":"publish","type":"page","link":"https:\/\/fkf.fi\/index.php\/3-x-student\/","title":{"rendered":"3 &#038; student"},"content":{"rendered":"\n\n\n\n<p><img loading=\"lazy\" decoding=\"async\" class=\"alignleft wp-image-50\" src=\"https:\/\/fkf.fi\/wp-content\/uploads\/2015\/12\/Kollage-1-Framsida.jpg\" alt=\"Kollage 1 Framsida\" width=\"324\" height=\"900\" \/>Inriktningen <strong>3 &amp; Student<\/strong> \u00e4r m\u00f6jligheten att avl\u00e4gga tre betyg p\u00e5 tre \u00e5r: yrkesexamen, gymnasiebetyg och studentexamensbetyg.<\/p>\n<p>Yrkesutbildningen \u00e4r en tre\u00e5rig grundutbildning inom ungdoms- och fritidsinstruktion. H\u00e4r finns \u00e4mnen som ledarskap, friluftsliv, multimedia och film, barn &amp; ungdomsledarskap, drama, socialpolitik, musik och konsertverksamhet, kanothajk och sociologi p\u00e5 programmet.<\/p>\n<p>Samtidigt finns ocks\u00e5 de olika gymnasie\u00e4mnena med p\u00e5 l\u00e4sordningen som en naturlig del av utbildningen. Det betyder att kurserna i t.ex. modersm\u00e5let, finska, engelska, kort matematik och de olika real\u00e4mnena \u00e4r gymnasiekurser. Undervisningen arrangeras i samarbete med Aftis i Vasa och finns med p\u00e5 linjens normala l\u00e4sordning.<\/p>\n<p>Pedagogiken \u00e4r m\u00e5ngsidig. F\u00f6rutom sedvanlig klassundervisning blir det projekt, teamarbete, turn\u00e9er, temadagar m.m. Inl\u00e4rning i arbete \u00e4r en naturlig del av inneh\u00e5llet p\u00e5 linjen och omfattar ocks\u00e5 ett par korta praktikperioder mellan l\u00e4s\u00e5ren under utbildningens g\u00e5ng.<\/p>\n<p>Alla studerande p\u00e5 linjen har ocks\u00e5 tillg\u00e5ng till en b\u00e4rbar dator under utbildningen. Maten och internatsboendet \u00e4r kostnadsfritt under utbildningstiden.<\/p>\n<div class=\"h5ab-print-button-container\"><div class=\"h5ab-print-button h5ab-print-button-left\" style=\"cursor: pointer; color: #555\"><i class=\"fa fa-print fa-lg\"><\/i>\n\t\t\t\t\t\t\t<span>Printa ut denna sida<\/span><\/div><\/div>","protected":false},"excerpt":{"rendered":"<p>Inriktningen 3 &amp; Student \u00e4r m\u00f6jligheten att avl\u00e4gga tre betyg p\u00e5 tre \u00e5r: yrkesexamen, gymnasiebetyg och studentexamensbetyg. Yrkesutbildningen \u00e4r en tre\u00e5rig grundutbildning inom ungdoms- och fritidsinstruktion. H\u00e4r finns \u00e4mnen som ledarskap, friluftsliv, multimedia och film, barn &amp; ungdomsledarskap, drama, socialpolitik, musik och konsertverksamhet, kanothajk och sociologi p\u00e5 programmet. Samtidigt finns ocks\u00e5 de olika gymnasie\u00e4mnena med&hellip; <span class=\"kuorinka-read-more\"><a href=\"https:\/\/fkf.fi\/index.php\/3-x-student\/\" class=\"more-link\">Read more <span class=\"screen-reader-text\">3 &#038; student<\/span><\/a><\/span><\/p>\n","protected":false},"author":4,"featured_media":0,"parent":0,"menu_order":0,"comment_status":"closed","ping_status":"closed","template":"","meta":{"footnotes":""},"class_list":{"0":"post-34","1":"page","2":"type-page","3":"status-publish","5":"entry"},"_links":{"self":[{"href":"https:\/\/fkf.fi\/index.php\/wp-json\/wp\/v2\/pages\/34","targetHints":{"allow":["GET"]}}],"collection":[{"href":"https:\/\/fkf.fi\/index.php\/wp-json\/wp\/v2\/pages"}],"about":[{"href":"https:\/\/fkf.fi\/index.php\/wp-json\/wp\/v2\/types\/page"}],"author":[{"embeddable":true,"href":"https:\/\/fkf.fi\/index.php\/wp-json\/wp\/v2\/users\/4"}],"replies":[{"embeddable":true,"href":"https:\/\/fkf.fi\/index.php\/wp-json\/wp\/v2\/comments?post=34"}],"version-history":[{"count":16,"href":"https:\/\/fkf.fi\/index.php\/wp-json\/wp\/v2\/pages\/34\/revisions"}],"predecessor-version":[{"id":2827,"href":"https:\/\/fkf.fi\/index.php\/wp-json\/wp\/v2\/pages\/34\/revisions\/2827"}],"wp:attachment":[{"href":"https:\/\/fkf.fi\/index.php\/wp-json\/wp\/v2\/media?parent=34"}],"curies":[{"name":"wp","href":"https:\/\/api.w.org\/{rel}","templated":true}]}}