{"id":32,"date":"2015-12-03T10:38:58","date_gmt":"2015-12-03T10:38:58","guid":{"rendered":"http:\/\/fkf.fi\/?page_id=32"},"modified":"2018-02-28T03:25:17","modified_gmt":"2018-02-28T01:25:17","slug":"ettariga-linjer","status":"publish","type":"page","link":"https:\/\/fkf.fi\/index.php\/ettariga-linjer\/","title":{"rendered":"Ett\u00e5riga linjer"},"content":{"rendered":"<p>Ett\u00e5riga inriktningar: <strong>Musik-, MIX-, V\u00e5rdlinje<\/strong><\/p>\n<p>De ett\u00e5riga linjerna p\u00e5 FKF \u00e4r studielinjer som ger m\u00f6jlighet att f\u00f6rdjupa sig inom vissa specialomr\u00e5den som till exempel musik. En ett\u00e5rig linje leder inte till n\u00e5gon examen men ger en mycket god grund f\u00f6r vidareg\u00e5ende studier.<\/p>\n<div class=\"h5ab-print-button-container\"><div class=\"h5ab-print-button h5ab-print-button-left\" style=\"cursor: pointer; color: #555\"><i class=\"fa fa-print fa-lg\"><\/i>\n\t\t\t\t\t\t\t<span>Printa ut denna sida<\/span><\/div><\/div>\n","protected":false},"excerpt":{"rendered":"<p>Ett\u00e5riga inriktningar: Musik-, MIX-, V\u00e5rdlinje De ett\u00e5riga linjerna p\u00e5 FKF \u00e4r studielinjer som ger m\u00f6jlighet att f\u00f6rdjupa sig inom vissa specialomr\u00e5den som till exempel musik. En ett\u00e5rig linje leder inte till n\u00e5gon examen men ger en mycket god grund f\u00f6r vidareg\u00e5ende studier.<\/p>\n","protected":false},"author":4,"featured_media":0,"parent":0,"menu_order":0,"comment_status":"closed","ping_status":"closed","template":"","meta":{"footnotes":""},"class_list":{"0":"post-32","1":"page","2":"type-page","3":"status-publish","5":"entry"},"_links":{"self":[{"href":"https:\/\/fkf.fi\/index.php\/wp-json\/wp\/v2\/pages\/32","targetHints":{"allow":["GET"]}}],"collection":[{"href":"https:\/\/fkf.fi\/index.php\/wp-json\/wp\/v2\/pages"}],"about":[{"href":"https:\/\/fkf.fi\/index.php\/wp-json\/wp\/v2\/types\/page"}],"author":[{"embeddable":true,"href":"https:\/\/fkf.fi\/index.php\/wp-json\/wp\/v2\/users\/4"}],"replies":[{"embeddable":true,"href":"https:\/\/fkf.fi\/index.php\/wp-json\/wp\/v2\/comments?post=32"}],"version-history":[{"count":14,"href":"https:\/\/fkf.fi\/index.php\/wp-json\/wp\/v2\/pages\/32\/revisions"}],"predecessor-version":[{"id":733,"href":"https:\/\/fkf.fi\/index.php\/wp-json\/wp\/v2\/pages\/32\/revisions\/733"}],"wp:attachment":[{"href":"https:\/\/fkf.fi\/index.php\/wp-json\/wp\/v2\/media?parent=32"}],"curies":[{"name":"wp","href":"https:\/\/api.w.org\/{rel}","templated":true}]}}