{"id":203,"date":"2015-12-27T14:21:36","date_gmt":"2015-12-27T14:21:36","guid":{"rendered":"http:\/\/fkf.fi\/?page_id=203"},"modified":"2018-08-08T09:28:01","modified_gmt":"2018-08-08T06:28:01","slug":"tdh","status":"publish","type":"page","link":"https:\/\/fkf.fi\/index.php\/tdh\/","title":{"rendered":"TDH"},"content":{"rendered":"<p><img loading=\"lazy\" decoding=\"async\" class=\"alignleft wp-image-232\" src=\"https:\/\/fkf.fi\/wp-content\/uploads\/2015\/12\/tdh.jpg\" alt=\"tdh\" width=\"1883\" height=\"588\" \/>Teologiska DistansH\u00f6gskolan \u00e4r en sp\u00e4nnande ny m\u00f6jlighet till grundl\u00e4ggande teologisk utbildning p\u00e5 h\u00f6gskoleniv\u00e5 i Svenskfinland. Teologiska DistansH\u00f6gskolan st\u00e5r f\u00f6r en kursbricka av olika kurser i teologi v\u00e4rda 7,5 h\u00f6gskolepo\u00e4ng per kurs. Kurserna arrangeras i samarbete med \u00d6rebro Teologiska H\u00f6gskola i Sverige. Det \u00e4r m\u00f6jligt att l\u00e4sa enskilda kurser eller s\u00e5 kan man satsa p\u00e5 hela det grundl\u00e4ggande teologiska kursutbudet p\u00e5 sammanlagt 60 h\u00f6gskolepo\u00e4ng.<\/p>\n<p><img loading=\"lazy\" decoding=\"async\" class=\"alignleft wp-image-239 size-full\" src=\"https:\/\/fkf.fi\/wp-content\/uploads\/2015\/12\/tdhlogo.jpg\" alt=\"tdhlogo\" width=\"300\" height=\"187\" \/><\/p>\n<p>&nbsp;<\/p>\n<p>&nbsp;<\/p>\n<p>&nbsp;<\/p>\n<p>&nbsp;<\/p>\n<p><span style=\"font-size: 20px;\"><div class=\"h5ab-print-button-container\"><div class=\"h5ab-print-button h5ab-print-button-left\" style=\"cursor: pointer; color: #555\"><i class=\"fa fa-print fa-lg\"><\/i>\n\t\t\t\t\t\t\t<span>Printa ut denna sida<\/span><\/div><\/div><\/span><\/p>\n","protected":false},"excerpt":{"rendered":"<p>Teologiska DistansH\u00f6gskolan \u00e4r en sp\u00e4nnande ny m\u00f6jlighet till grundl\u00e4ggande teologisk utbildning p\u00e5 h\u00f6gskoleniv\u00e5 i Svenskfinland. Teologiska DistansH\u00f6gskolan st\u00e5r f\u00f6r en kursbricka av olika kurser i teologi v\u00e4rda 7,5 h\u00f6gskolepo\u00e4ng per kurs. Kurserna arrangeras i samarbete med \u00d6rebro Teologiska H\u00f6gskola i Sverige. Det \u00e4r m\u00f6jligt att l\u00e4sa enskilda kurser eller s\u00e5 kan man satsa p\u00e5 hela&hellip; <span class=\"kuorinka-read-more\"><a href=\"https:\/\/fkf.fi\/index.php\/tdh\/\" class=\"more-link\">Read more <span class=\"screen-reader-text\">TDH<\/span><\/a><\/span><\/p>\n","protected":false},"author":4,"featured_media":0,"parent":0,"menu_order":0,"comment_status":"closed","ping_status":"closed","template":"","meta":{"footnotes":""},"class_list":{"0":"post-203","1":"page","2":"type-page","3":"status-publish","5":"entry"},"_links":{"self":[{"href":"https:\/\/fkf.fi\/index.php\/wp-json\/wp\/v2\/pages\/203","targetHints":{"allow":["GET"]}}],"collection":[{"href":"https:\/\/fkf.fi\/index.php\/wp-json\/wp\/v2\/pages"}],"about":[{"href":"https:\/\/fkf.fi\/index.php\/wp-json\/wp\/v2\/types\/page"}],"author":[{"embeddable":true,"href":"https:\/\/fkf.fi\/index.php\/wp-json\/wp\/v2\/users\/4"}],"replies":[{"embeddable":true,"href":"https:\/\/fkf.fi\/index.php\/wp-json\/wp\/v2\/comments?post=203"}],"version-history":[{"count":18,"href":"https:\/\/fkf.fi\/index.php\/wp-json\/wp\/v2\/pages\/203\/revisions"}],"predecessor-version":[{"id":408,"href":"https:\/\/fkf.fi\/index.php\/wp-json\/wp\/v2\/pages\/203\/revisions\/408"}],"wp:attachment":[{"href":"https:\/\/fkf.fi\/index.php\/wp-json\/wp\/v2\/media?parent=203"}],"curies":[{"name":"wp","href":"https:\/\/api.w.org\/{rel}","templated":true}]}}