{"id":2,"date":"2015-04-26T14:16:25","date_gmt":"2015-04-26T14:16:25","guid":{"rendered":"http:\/\/fkf.fi\/?page_id=2"},"modified":"2024-01-19T10:52:31","modified_gmt":"2024-01-19T08:52:31","slug":"sample-page","status":"publish","type":"page","link":"https:\/\/fkf.fi\/index.php\/sample-page\/","title":{"rendered":"Info"},"content":{"rendered":"<p class=\"style6\" align=\"left\"><img loading=\"lazy\" decoding=\"async\" class=\"aligncenter wp-image-13 size-full\" src=\"https:\/\/fkf.fi\/wp-content\/uploads\/2015\/05\/bild_291.jpg\" alt=\"bild_29\" width=\"1920\" height=\"400\" \/><\/p>\n<p class=\"style6\" align=\"left\">Fria kristliga folkh\u00f6gskolan (FKF) \u00e4r en utbildningsinstitution av mindre format bel\u00e4gen i centrum av Vasa. Skolans campus finns vid Kaserntorget i Vasa, adressen till huvudbyggnaden \u00e4r \u00d6stra Kaserntorget 1.<\/p>\n<p class=\"style6\" align=\"left\">Fria kristliga folkh\u00f6gskolan grundades \u00e5r 1945 av Alfons Sundqvist som ocks\u00e5 kom att fungera som skolans f\u00f6rsta rektor. Sundqvist var en man med visioner och lyckades med att grunda en ny skola under de sv\u00e5ra \u00e5ren under slutet av 1940-talet. FKF har utvecklats en hel del sedan dess och best\u00e5r numera av fyra olika huvudavdelningar:<\/p>\n<p>* Ett\u00e5riga utbildningar:<br \/>\n&#8211; Musiklinjen<br \/>\n&#8211; MIX!<br \/>\n&#8211; V\u00e5rdlinjen<br \/>\n* Triplautbildning, 3&amp;Student; yrkesutbildning, gymnasium, studentexamen<br \/>\n* Universitetsavdelning<br \/>\n&#8211; Japanologi<br \/>\n* Kortkursverksamhet<\/p>\n<p class=\"style6\" align=\"left\">Under de senaste \u00e5ren har m\u00e5nga nya initiativ tagits f\u00f6r att utveckla verksamheten. Intresset f\u00f6r skolan har blivit allt st\u00f6rre och verksamheten m\u00e5ngsidigare. Eftersom FKF \u00e4r en liten utbildningsinstitution skapas en familj\u00e4r st\u00e4mning. Niv\u00e5n p\u00e5 den tekniska utrustningen (datorer, foto- och filmutrustning, musikstudio m.m.) \u00e4r mycket god.<\/p>\n<p class=\"style6\" align=\"left\">Internatbost\u00e4derna \u00e4r bel\u00e4gna i n\u00e4rheten av undervisningsutrymmena i centrum av Vasa. P\u00e5 fritiden arrangeras olika aktivitetskv\u00e4llar. Ett m\u00e5ngsidigt utbud av f\u00f6rsamlingsaktiviteter, kultur och sport st\u00e5r ocks\u00e5 till buds i Vasa.<\/p>\n<div class=\"h5ab-print-button-container\"><div class=\"h5ab-print-button h5ab-print-button-left\" style=\"cursor: pointer; color: #555\"><i class=\"fa fa-print fa-lg\"><\/i>\n\t\t\t\t\t\t\t<span>Printa ut denna sida<\/span><\/div><\/div>\n","protected":false},"excerpt":{"rendered":"<p>Fria kristliga folkh\u00f6gskolan (FKF) \u00e4r en utbildningsinstitution av mindre format bel\u00e4gen i centrum av Vasa. Skolans campus finns vid Kaserntorget i Vasa, adressen till huvudbyggnaden \u00e4r \u00d6stra Kaserntorget 1. Fria kristliga folkh\u00f6gskolan grundades \u00e5r 1945 av Alfons Sundqvist som ocks\u00e5 kom att fungera som skolans f\u00f6rsta rektor. Sundqvist var en man med visioner och lyckades&hellip; <span class=\"kuorinka-read-more\"><a href=\"https:\/\/fkf.fi\/index.php\/sample-page\/\" class=\"more-link\">Read more <span class=\"screen-reader-text\">Info<\/span><\/a><\/span><\/p>\n","protected":false},"author":1,"featured_media":0,"parent":0,"menu_order":0,"comment_status":"closed","ping_status":"closed","template":"","meta":{"footnotes":""},"class_list":{"0":"post-2","1":"page","2":"type-page","3":"status-publish","5":"entry"},"_links":{"self":[{"href":"https:\/\/fkf.fi\/index.php\/wp-json\/wp\/v2\/pages\/2","targetHints":{"allow":["GET"]}}],"collection":[{"href":"https:\/\/fkf.fi\/index.php\/wp-json\/wp\/v2\/pages"}],"about":[{"href":"https:\/\/fkf.fi\/index.php\/wp-json\/wp\/v2\/types\/page"}],"author":[{"embeddable":true,"href":"https:\/\/fkf.fi\/index.php\/wp-json\/wp\/v2\/users\/1"}],"replies":[{"embeddable":true,"href":"https:\/\/fkf.fi\/index.php\/wp-json\/wp\/v2\/comments?post=2"}],"version-history":[{"count":12,"href":"https:\/\/fkf.fi\/index.php\/wp-json\/wp\/v2\/pages\/2\/revisions"}],"predecessor-version":[{"id":3035,"href":"https:\/\/fkf.fi\/index.php\/wp-json\/wp\/v2\/pages\/2\/revisions\/3035"}],"wp:attachment":[{"href":"https:\/\/fkf.fi\/index.php\/wp-json\/wp\/v2\/media?parent=2"}],"curies":[{"name":"wp","href":"https:\/\/api.w.org\/{rel}","templated":true}]}}