{"id":122,"date":"2015-12-05T16:53:01","date_gmt":"2015-12-05T16:53:01","guid":{"rendered":"http:\/\/fkf.fi\/?page_id=122"},"modified":"2018-02-28T03:26:23","modified_gmt":"2018-02-28T01:26:23","slug":"mix-linjen","status":"publish","type":"page","link":"https:\/\/fkf.fi\/index.php\/mix-linjen\/","title":{"rendered":"MIX-linjen"},"content":{"rendered":"<p><img loading=\"lazy\" decoding=\"async\" class=\"aligncenter wp-image-60 size-full\" src=\"https:\/\/fkf.fi\/wp-content\/uploads\/2015\/12\/mix.jpg\" alt=\"mix\" width=\"1920\" height=\"400\" \/><\/p>\n<p><strong>MIX-linjen<\/strong> finns f\u00f6r dig som trivs med att skapa och vara kreativ. F\u00f6rutom ett grundl\u00e4ggande paket av olika skapande \u00e4mnen har du m\u00f6jlighet att g\u00f6ra olika slag av till\u00e4ggsval. Du kombinerar spr\u00e5kstudier med praktiska MIX-projekt, drama med pedagogik, multimedia med filmskolan, robotkurser med glaskonst och hobbytekniker. Eller varf\u00f6r inte v\u00e4lja n\u00e5gon intressant h\u00f6gskolkurs fr\u00e5n \u00c5bo Akademis kursprogram i \u00d6ppna h\u00f6gskolan.<\/p>\n<p>De ett\u00e5riga linjerna p\u00e5 FKF \u00e4r studielinjer som ger m\u00f6jlighet att f\u00f6rdjupa sig inom vissa specialomr\u00e5den som till exempel musik. En ett\u00e5rig linje leder inte till n\u00e5gon examen men ger en mycket god grund f\u00f6r vidareg\u00e5ende studier.<br \/>\n<div class=\"h5ab-print-button-container\"><div class=\"h5ab-print-button h5ab-print-button-left\" style=\"cursor: pointer; color: #555\"><i class=\"fa fa-print fa-lg\"><\/i>\n\t\t\t\t\t\t\t<span>Printa ut denna sida<\/span><\/div><\/div><\/p>\n","protected":false},"excerpt":{"rendered":"<p>MIX-linjen finns f\u00f6r dig som trivs med att skapa och vara kreativ. F\u00f6rutom ett grundl\u00e4ggande paket av olika skapande \u00e4mnen har du m\u00f6jlighet att g\u00f6ra olika slag av till\u00e4ggsval. Du kombinerar spr\u00e5kstudier med praktiska MIX-projekt, drama med pedagogik, multimedia med filmskolan, robotkurser med glaskonst och hobbytekniker. Eller varf\u00f6r inte v\u00e4lja n\u00e5gon intressant h\u00f6gskolkurs fr\u00e5n \u00c5bo&hellip; <span class=\"kuorinka-read-more\"><a href=\"https:\/\/fkf.fi\/index.php\/mix-linjen\/\" class=\"more-link\">Read more <span class=\"screen-reader-text\">MIX-linjen<\/span><\/a><\/span><\/p>\n","protected":false},"author":4,"featured_media":0,"parent":0,"menu_order":0,"comment_status":"closed","ping_status":"closed","template":"","meta":{"footnotes":""},"class_list":{"0":"post-122","1":"page","2":"type-page","3":"status-publish","5":"entry"},"_links":{"self":[{"href":"https:\/\/fkf.fi\/index.php\/wp-json\/wp\/v2\/pages\/122","targetHints":{"allow":["GET"]}}],"collection":[{"href":"https:\/\/fkf.fi\/index.php\/wp-json\/wp\/v2\/pages"}],"about":[{"href":"https:\/\/fkf.fi\/index.php\/wp-json\/wp\/v2\/types\/page"}],"author":[{"embeddable":true,"href":"https:\/\/fkf.fi\/index.php\/wp-json\/wp\/v2\/users\/4"}],"replies":[{"embeddable":true,"href":"https:\/\/fkf.fi\/index.php\/wp-json\/wp\/v2\/comments?post=122"}],"version-history":[{"count":8,"href":"https:\/\/fkf.fi\/index.php\/wp-json\/wp\/v2\/pages\/122\/revisions"}],"predecessor-version":[{"id":743,"href":"https:\/\/fkf.fi\/index.php\/wp-json\/wp\/v2\/pages\/122\/revisions\/743"}],"wp:attachment":[{"href":"https:\/\/fkf.fi\/index.php\/wp-json\/wp\/v2\/media?parent=122"}],"curies":[{"name":"wp","href":"https:\/\/api.w.org\/{rel}","templated":true}]}}