{"id":120,"date":"2015-12-05T16:52:07","date_gmt":"2015-12-05T16:52:07","guid":{"rendered":"http:\/\/fkf.fi\/?page_id=120"},"modified":"2018-02-28T03:26:10","modified_gmt":"2018-02-28T01:26:10","slug":"musiklinjen","status":"publish","type":"page","link":"https:\/\/fkf.fi\/index.php\/musiklinjen\/","title":{"rendered":"Musiklinjen"},"content":{"rendered":"<p><img loading=\"lazy\" decoding=\"async\" class=\"aligncenter wp-image-14 size-full\" src=\"https:\/\/fkf.fi\/wp-content\/uploads\/2015\/05\/IMG_3090.jpg\" alt=\"IMG_3090\" width=\"1920\" height=\"400\" \/><\/p>\n<p><strong>Musiklinjen<\/strong> \u00e4r m\u00f6jligheten f\u00f6r dig som vill utvecklas inom musiken. Det spelar ingen roll om du har l\u00e5ng eller kort erfarenhet inom omr\u00e5det. Konsertturn\u00e9er, studioarbete, bandspel, individuell instrumentundervisning, k\u00f6r, teoretiska \u00e4mnen, instrumentservice, artistens ABC och multimedia \u00e4r \u00e4mnen och projekt som ing\u00e5r i den upplevelse som ett \u00e5r p\u00e5 musiklinjen inneb\u00e4r.<\/p>\n<p>De ett\u00e5riga linjerna p\u00e5 FKF \u00e4r studielinjer som ger m\u00f6jlighet att f\u00f6rdjupa sig inom vissa specialomr\u00e5den som till exempel musik. En ett\u00e5rig linje leder inte till n\u00e5gon examen men ger en mycket god grund f\u00f6r vidareg\u00e5ende studier.<br \/>\n<div class=\"h5ab-print-button-container\"><div class=\"h5ab-print-button h5ab-print-button-left\" style=\"cursor: pointer; color: #555\"><i class=\"fa fa-print fa-lg\"><\/i>\n\t\t\t\t\t\t\t<span>Printa ut denna sida<\/span><\/div><\/div><\/p>\n","protected":false},"excerpt":{"rendered":"<p>Musiklinjen \u00e4r m\u00f6jligheten f\u00f6r dig som vill utvecklas inom musiken. Det spelar ingen roll om du har l\u00e5ng eller kort erfarenhet inom omr\u00e5det. Konsertturn\u00e9er, studioarbete, bandspel, individuell instrumentundervisning, k\u00f6r, teoretiska \u00e4mnen, instrumentservice, artistens ABC och multimedia \u00e4r \u00e4mnen och projekt som ing\u00e5r i den upplevelse som ett \u00e5r p\u00e5 musiklinjen inneb\u00e4r. De ett\u00e5riga linjerna p\u00e5&hellip; <span class=\"kuorinka-read-more\"><a href=\"https:\/\/fkf.fi\/index.php\/musiklinjen\/\" class=\"more-link\">Read more <span class=\"screen-reader-text\">Musiklinjen<\/span><\/a><\/span><\/p>\n","protected":false},"author":4,"featured_media":0,"parent":0,"menu_order":0,"comment_status":"closed","ping_status":"closed","template":"","meta":{"footnotes":""},"class_list":{"0":"post-120","1":"page","2":"type-page","3":"status-publish","5":"entry"},"_links":{"self":[{"href":"https:\/\/fkf.fi\/index.php\/wp-json\/wp\/v2\/pages\/120","targetHints":{"allow":["GET"]}}],"collection":[{"href":"https:\/\/fkf.fi\/index.php\/wp-json\/wp\/v2\/pages"}],"about":[{"href":"https:\/\/fkf.fi\/index.php\/wp-json\/wp\/v2\/types\/page"}],"author":[{"embeddable":true,"href":"https:\/\/fkf.fi\/index.php\/wp-json\/wp\/v2\/users\/4"}],"replies":[{"embeddable":true,"href":"https:\/\/fkf.fi\/index.php\/wp-json\/wp\/v2\/comments?post=120"}],"version-history":[{"count":8,"href":"https:\/\/fkf.fi\/index.php\/wp-json\/wp\/v2\/pages\/120\/revisions"}],"predecessor-version":[{"id":741,"href":"https:\/\/fkf.fi\/index.php\/wp-json\/wp\/v2\/pages\/120\/revisions\/741"}],"wp:attachment":[{"href":"https:\/\/fkf.fi\/index.php\/wp-json\/wp\/v2\/media?parent=120"}],"curies":[{"name":"wp","href":"https:\/\/api.w.org\/{rel}","templated":true}]}}